{"id":1005,"date":"2018-08-03T13:52:10","date_gmt":"2018-08-03T13:52:10","guid":{"rendered":"https:\/\/veracepizza.com.br\/rp\/?page_id=1005"},"modified":"2023-10-06T20:10:05","modified_gmt":"2023-10-06T20:10:05","slug":"reservas","status":"publish","type":"page","link":"https:\/\/veracepizza.com.br\/rp\/reservas\/","title":{"rendered":"Reservas"},"content":{"rendered":"\n\n<!-- section -->\n<section  class=\"lec_section lec_image_bck         \"  >\n\n\n    \n\n\t\t\n\n\t\t\n\t\t\n\n\n\t\t    <div class=\"container text-center\">\n    \n        \n\t\t\n        <!-- Page -->\n    <div class=\"lec_page lec_page_gold\" id=\"lec_page\">\n     \n\n     \n\n    \n      \n            \n    \n\n    \n\n\n    <div class=\"fw-row\">\n\t\n\n\n\n\n\n<div class=\"fw-col-xs-12   lec_image_bck   lec_col\"  >\n\t\n\t\t\n\t   \n\t\t\n<!-- row -->\n<div class=\"row \">\n    \n    <div class=\"col-md-9 lec_rel_lec_posl lec_animation_block\" data-bottom-top=\"transform:translate3d(0px, 40px, 0px)\" data-top-bottom=\"transform:translate3d(0px, -40px, 0px)\">\n\n                    \n            <img decoding=\"async\" src=\"https:\/\/veracepizza.com.br\/rp\/wp-content\/uploads\/2018\/11\/banner-reservas-1200x800.jpg\" alt=\"\">\n\n        \n        \n\n        \n    <\/div>\n    <!-- col end -->\n\n    <div class=\"col-md-6 lec_animation_block lec_animation_abs_block lec_posl lec_image_bck\" data-bottom-top=\"transform:translate3d(0px, 40px, 0px)\" data-top-bottom=\"transform:translate3d(0px, -40px, 0px)\" data-image=\"\/\/veracepizza.com.br\/rp\/wp-content\/uploads\/2016\/11\/main_back.jpg\" >\n        \n                \n\n        <div class=\"lec_parallax_menu lec_image_bck lec_fixed\">\n\n            \n                                    <h2 class=\"lec_gold lec_title_counter\">Verace Reservas<\/h2>\n                                \n                              \n            \n\n\t\t\t\n            \n            <p>Sua Festa da Pizza pode ser aqui na Verace, em nossa Unidade II. Dispomos de um espa\u00e7o reservado para festas e confraterniza\u00e7\u00f5es, ideal para comemorar em fam\u00edlia e com os amigos em um ambiente \u00fanico, com capacidade para acomodar at\u00e9 130 pessoas. Al\u00e9m disso, n\u00f3s oferecemos pacotes exclusivos com op\u00e7\u00f5es de entradas, pizzas salgadas, pizzas doces para sobremesa e bebidas, tudo para voc\u00ea ter uma experi\u00eancia \u00fanica! <\/p>            \n             \n\n\n            \n            \n        <\/div>\n    <\/div>\n    <!-- col end -->\n\n\n<\/div>\n<!-- row end -->\n\n  \t\n<\/div>\n<\/div>\n\n<div class=\"fw-row\">\n\t\n\n\n\n\n\n<div class=\"fw-col-xs-12   lec_image_bck   lec_col\"  >\n\t\n\t\t\n\t   \n\t\t\n<!-- row -->\n<div class=\"row \">\n    \n    <div class=\"col-md-9 lec_rel_lec_posr lec_animation_block\" data-bottom-top=\"transform:translate3d(0px, 40px, 0px)\" data-top-bottom=\"transform:translate3d(0px, -40px, 0px)\">\n\n                    \n            <img decoding=\"async\" src=\"https:\/\/veracepizza.com.br\/rp\/wp-content\/uploads\/2018\/11\/banner-reservas2-1200x800.jpg\" alt=\"\">\n\n        \n        \n\n        \n    <\/div>\n    <!-- col end -->\n\n    <div class=\"col-md-6 lec_animation_block lec_animation_abs_block lec_posr lec_image_bck\" data-bottom-top=\"transform:translate3d(0px, 40px, 0px)\" data-top-bottom=\"transform:translate3d(0px, -40px, 0px)\" data-image=\"\/\/veracepizza.com.br\/rp\/wp-content\/uploads\/2019\/01\/main_back.jpg\" >\n        \n                \n\n        <div class=\"lec_parallax_menu lec_image_bck lec_fixed\">\n\n            \n                                \n                              \n            \n\n\t\t\t\n            \n            <p>Fa\u00e7a sua reserva:<\/p><p>Telefone: Unidade I - (16) 3441-1102 | Unidade II - (16) 4042-1777<br \/>Hor\u00e1rios: Segunda a Sexta-Feira: 08:00 \u00e0s 12:00 | 13:00 \u00e0s 17:30<br \/>S\u00e1bado: 08:00 \u00e0s 12:00,<\/p><p>Ou nos chame a qualquer momento pelo direct do nosso Instagram <a href=\"https:\/\/www.instagram.com\/VeracePizza\/\" target=\"_blank\" rel=\"noopener\">@VeracePizza<\/a><\/p>            \n             \n\n\n            \n            \n        <\/div>\n    <\/div>\n    <!-- col end -->\n\n\n<\/div>\n<!-- row end -->\n\n  \t\n<\/div>\n<\/div>\n\n<div class=\"fw-row\">\n\t\n\n\n\n\n\n<div class=\"fw-col-xs-12   lec_image_bck   lec_col\"  >\n\t\n\t\t\n\t   \n\t\t<!-- slider -->\n<div class=\"lec_slider_single  lec_lm_type_i\" data-dots=\"true\" data-autoplay=\"true\">\n    \n        \t\t\n\n        <div class=\"lec_lm_type_i_item\">\n\t        <img decoding=\"async\" src=\"https:\/\/veracepizza.com.br\/rp\/wp-content\/uploads\/2022\/11\/IMG_5123-1200x800.jpg\" alt=\"\">\n\t        \n\t        \n\t    <\/div>\n\n        \t\t\n\n        <div class=\"lec_lm_type_i_item\">\n\t        <img decoding=\"async\" src=\"https:\/\/veracepizza.com.br\/rp\/wp-content\/uploads\/2022\/11\/IMG_5127-1200x800.jpg\" alt=\"\">\n\t        \n\t        \n\t    <\/div>\n\n        \t\t\n\n        <div class=\"lec_lm_type_i_item\">\n\t        <img decoding=\"async\" src=\"https:\/\/veracepizza.com.br\/rp\/wp-content\/uploads\/2022\/11\/IMG_7850-1200x800.jpg\" alt=\"\">\n\t        \n\t        \n\t    <\/div>\n\n        \t\t\n\n        <div class=\"lec_lm_type_i_item\">\n\t        <img decoding=\"async\" src=\"https:\/\/veracepizza.com.br\/rp\/wp-content\/uploads\/2022\/11\/IMG_7852-1200x800.jpg\" alt=\"\">\n\t        \n\t        \n\t    <\/div>\n\n        \t\t\n\n        <div class=\"lec_lm_type_i_item\">\n\t        <img decoding=\"async\" src=\"https:\/\/veracepizza.com.br\/rp\/wp-content\/uploads\/2022\/11\/IMG_7860-1200x800.jpg\" alt=\"\">\n\t        \n\t        \n\t    <\/div>\n\n        \t\t\n\n        <div class=\"lec_lm_type_i_item\">\n\t        <img decoding=\"async\" src=\"https:\/\/veracepizza.com.br\/rp\/wp-content\/uploads\/2022\/11\/IMG_7869-1200x800.jpg\" alt=\"\">\n\t        \n\t        \n\t    <\/div>\n\n        \t\t\n\n        <div class=\"lec_lm_type_i_item\">\n\t        <img decoding=\"async\" src=\"https:\/\/veracepizza.com.br\/rp\/wp-content\/uploads\/2022\/11\/IMG_7870-1200x800.jpg\" alt=\"\">\n\t        \n\t        \n\t    <\/div>\n\n    \n<\/div>\n<!-- slider end -->\n  \t\n<\/div>\n<\/div>\n\n\n\n    <\/div>\n    <!-- container end -->\n<\/section>\n<!-- section end -->\n","protected":false},"excerpt":{"rendered":"<p>Verace Reservas Sua Festa da Pizza pode ser aqui na Verace, em nossa [&hellip;]<\/p>\n","protected":false},"author":1,"featured_media":0,"parent":0,"menu_order":0,"comment_status":"closed","ping_status":"closed","template":"template-one-page.php","meta":{"footnotes":""},"class_list":["post-1005","page","type-page","status-publish","hentry"],"_links":{"self":[{"href":"https:\/\/veracepizza.com.br\/rp\/wp-json\/wp\/v2\/pages\/1005","targetHints":{"allow":["GET"]}}],"collection":[{"href":"https:\/\/veracepizza.com.br\/rp\/wp-json\/wp\/v2\/pages"}],"about":[{"href":"https:\/\/veracepizza.com.br\/rp\/wp-json\/wp\/v2\/types\/page"}],"author":[{"embeddable":true,"href":"https:\/\/veracepizza.com.br\/rp\/wp-json\/wp\/v2\/users\/1"}],"replies":[{"embeddable":true,"href":"https:\/\/veracepizza.com.br\/rp\/wp-json\/wp\/v2\/comments?post=1005"}],"version-history":[{"count":22,"href":"https:\/\/veracepizza.com.br\/rp\/wp-json\/wp\/v2\/pages\/1005\/revisions"}],"predecessor-version":[{"id":1614,"href":"https:\/\/veracepizza.com.br\/rp\/wp-json\/wp\/v2\/pages\/1005\/revisions\/1614"}],"wp:attachment":[{"href":"https:\/\/veracepizza.com.br\/rp\/wp-json\/wp\/v2\/media?parent=1005"}],"curies":[{"name":"wp","href":"https:\/\/api.w.org\/{rel}","templated":true}]}}